{"id":869,"date":"2017-09-21T22:49:50","date_gmt":"2017-09-21T20:49:50","guid":{"rendered":"http:\/\/cescugat.com\/politica-de-privacidad\/"},"modified":"2017-09-30T14:04:40","modified_gmt":"2017-09-30T12:04:40","slug":"politica-de-privacidad","status":"publish","type":"page","link":"http:\/\/cescugat.com\/es\/politica-de-privacidad\/","title":{"rendered":"Pol\u00edtica de Privacidad"},"content":{"rendered":"<p>[et_pb_section bb_built=\u00bb1&#8243; _builder_version=\u00bb3.0.47&#8243;][et_pb_row _builder_version=\u00bb3.0.47&#8243; background_size=\u00bbinitial\u00bb background_position=\u00bbtop_left\u00bb background_repeat=\u00bbrepeat\u00bb _i=\u00bb0&#8243; _address=\u00bb0.0&#8243;][et_pb_column type=\u00bb4_4&#8243;][et_pb_blurb title=\u00bbPol\u00edtica de Privacidad\u00bb use_icon=\u00bbon\u00bb font_icon=\u00bb%%79%%\u00bb icon_color=\u00bb#9b2232&#8243; icon_placement=\u00bbleft\u00bb use_icon_font_size=\u00bbon\u00bb icon_font_size=\u00bb50px\u00bb _builder_version=\u00bb3.0.76&#8243; header_font_size=\u00bb38px\u00bb header_line_height=\u00bb1.3em\u00bb url_new_window=\u00bboff\u00bb use_circle=\u00bboff\u00bb use_circle_border=\u00bboff\u00bb background_layout=\u00bblight\u00bb border_style=\u00bbsolid\u00bb]<\/p>\n<h4 style=\"text-align: left;\" data-fontsize=\"16\" data-lineheight=\"24\"><\/h4>\n<p>[\/et_pb_blurb][et_pb_blurb icon_placement=\u00bbleft\u00bb _builder_version=\u00bb3.0.76&#8243; header_font_size=\u00bb18px\u00bb header_line_height=\u00bb1.3em\u00bb url_new_window=\u00bboff\u00bb use_icon=\u00bboff\u00bb use_circle=\u00bboff\u00bb use_circle_border=\u00bboff\u00bb use_icon_font_size=\u00bboff\u00bb background_layout=\u00bblight\u00bb border_style=\u00bbsolid\u00bb]<br \/>\n1. Centro de Estudios Sant Cugat con domicilio en, calle San Antonio, 24, 08172 Sant Cugat, titular de la p\u00e1gina web http:\/\/www.cescugat.com y de la base de datos de car\u00e1cter personal generada con los tados en el su caso suministrados para los usuarios.<\/p>\n<p>&nbsp;<\/p>\n<p>2. De acordar con la Ley 15\/1999, de 13 de diciembre, de protecci\u00f3n datos de car\u00e1cter personal y con super Reglamento de desenvolupament, APROBADO por Real Decreto 1720\/2007, de 21 de diciembre, los des personales facilitados pelos Usuarios quedaran incorporados al correspondiente fichero automatizado que es Encuentra debidamente inscrito y del que es responsable Centro de Estudios Sant Cugat, y la Finalidad es la gesti\u00f3n adecuada de los servicios propios ofrecidos por el Centro de Estudios Sant Cugat y sume p\u00e1gina web.<\/p>\n<p>&nbsp;<\/p>\n<p>3. El usuario debe especificar de manera expresa en cada caso que acepta expresamente y de manera libre e inequ\u00edvoca, que los Suyas datos personales es tratan por Centro de Estudios Sant Cugat \u00danicamente para las finalidades para las que se han facilitado y garantiza que los des personales facilitados son veraces y asume la obligaci\u00f3n de comunicar super modificaci\u00f3n, pudiendo Entonces Centro de Estudios Sant Cugat a Funci\u00f3n de super Utilidad para la Finalidad requerida, Cancelar-las, borrarlo los o bloquearlas. En ning\u00fan caso los cookies recogen informaci\u00f3n de car\u00e1cter personal.<\/p>\n<p>&nbsp;<\/p>\n<p>&nbsp;<\/p>\n<p>4. Centro de Estudios Sant Cugat garantiza que el servidor que trata los dades personales re\u00fane los preceptivas Medidas de seguridad que eviten la su p\u00e9rdida o acceso no autorizado. Pudiendo Incluso solicitar Centro de Estudios Sant Cugat A SUS Usuarios claves de acceso.<\/p>\n<p>&nbsp;<\/p>\n<p>&nbsp;<\/p>\n<p>5. Los servidores del website podr\u00e1n detectar de forma autom\u00e1tica la direcci\u00f3n IP y el nombre de dominio utilizados por el usuario. Toda ESTA informaci\u00f3n es registrada en un fichero de actividad del servidor debidamente inscrito y que permet\u00ed sume posterior procesamiento de datos para Obtener mediciones exclusivamente Estad\u00edsticas que permitan Conocer el nombre de impresiones de p\u00e1ginas, visitas realizadas LOS servicios web, accesos. .., etc. Centro de Estudios Sant Cugat olla utilizar cookies Cuando 1 usuario navegue papel website, queda a voluntad del usuario configurar super navegador para el aviso de la recepci\u00f3n y \/ o Instalaci\u00f3n de cookies en super ordenador.<\/p>\n<p>&nbsp;<\/p>\n<p>&nbsp;<\/p>\n<p>6.Centre de Estudios Sant Cugat garantiza que los des personales de Sus Usuarios, Salvo requerimiento formal de 1 Autoridad p\u00fablica COMPETENTE, no ser\u00e1n cedidos a TERCEROS sin Consentimiento expreso previo.<br \/>\n[\/et_pb_blurb][\/et_pb_column][\/et_pb_row][\/et_pb_section]<\/p>\n","protected":false},"excerpt":{"rendered":"<p>1. Centro de Estudios Sant Cugat con domicilio en, calle San Antonio, 24, 08172 Sant Cugat, titular de la p\u00e1gina web http:\/\/www.cescugat.com y de la base de datos de car\u00e1cter personal generada con los tados en el su caso suministrados para los usuarios. &nbsp; 2. De acordar con la Ley 15\/1999, de 13 de diciembre, [&hellip;]<\/p>\n","protected":false},"author":3,"featured_media":0,"parent":0,"menu_order":0,"comment_status":"closed","ping_status":"closed","template":"","meta":{"_et_pb_use_builder":"on","_et_pb_old_content":"","_et_gb_content_width":"","footnotes":""},"class_list":["post-869","page","type-page","status-publish","hentry"],"yoast_head":"<!-- This site is optimized with the Yoast SEO plugin v24.1 - https:\/\/yoast.com\/wordpress\/plugins\/seo\/ -->\n<title>Pol\u00edtica de Privacidad - Centre D\u00b4estudis Sant Cugat - Acad\u00e8mia de Ci\u00e8ncies<\/title>\n<meta name=\"robots\" content=\"index, follow, max-snippet:-1, max-image-preview:large, max-video-preview:-1\" \/>\n<link rel=\"canonical\" href=\"http:\/\/cescugat.com\/es\/politica-de-privacidad\/\" \/>\n<meta property=\"og:locale\" content=\"es_ES\" \/>\n<meta property=\"og:type\" content=\"article\" \/>\n<meta property=\"og:title\" content=\"Pol\u00edtica de Privacidad - Centre D\u00b4estudis Sant Cugat - Acad\u00e8mia de Ci\u00e8ncies\" \/>\n<meta property=\"og:description\" content=\"1. Centro de Estudios Sant Cugat con domicilio en, calle San Antonio, 24, 08172 Sant Cugat, titular de la p\u00e1gina web http:\/\/www.cescugat.com y de la base de datos de car\u00e1cter personal generada con los tados en el su caso suministrados para los usuarios. &nbsp; 2. De acordar con la Ley 15\/1999, de 13 de diciembre, [&hellip;]\" \/>\n<meta property=\"og:url\" content=\"http:\/\/cescugat.com\/es\/politica-de-privacidad\/\" \/>\n<meta property=\"og:site_name\" content=\"Centre D\u00b4estudis Sant Cugat - Acad\u00e8mia de Ci\u00e8ncies\" \/>\n<meta property=\"article:modified_time\" content=\"2017-09-30T12:04:40+00:00\" \/>\n<meta name=\"twitter:card\" content=\"summary_large_image\" \/>\n<meta name=\"twitter:label1\" content=\"Tiempo de lectura\" \/>\n\t<meta name=\"twitter:data1\" content=\"3 minutos\" \/>\n<script type=\"application\/ld+json\" class=\"yoast-schema-graph\">{\"@context\":\"https:\/\/schema.org\",\"@graph\":[{\"@type\":\"WebPage\",\"@id\":\"http:\/\/cescugat.com\/es\/politica-de-privacidad\/\",\"url\":\"http:\/\/cescugat.com\/es\/politica-de-privacidad\/\",\"name\":\"Pol\u00edtica de Privacidad - Centre D\u00b4estudis Sant Cugat - Acad\u00e8mia de Ci\u00e8ncies\",\"isPartOf\":{\"@id\":\"http:\/\/cescugat.com\/#website\"},\"datePublished\":\"2017-09-21T20:49:50+00:00\",\"dateModified\":\"2017-09-30T12:04:40+00:00\",\"breadcrumb\":{\"@id\":\"http:\/\/cescugat.com\/es\/politica-de-privacidad\/#breadcrumb\"},\"inLanguage\":\"es\",\"potentialAction\":[{\"@type\":\"ReadAction\",\"target\":[\"http:\/\/cescugat.com\/es\/politica-de-privacidad\/\"]}]},{\"@type\":\"BreadcrumbList\",\"@id\":\"http:\/\/cescugat.com\/es\/politica-de-privacidad\/#breadcrumb\",\"itemListElement\":[{\"@type\":\"ListItem\",\"position\":1,\"name\":\"Inici\",\"item\":\"http:\/\/cescugat.com\/es\/\"},{\"@type\":\"ListItem\",\"position\":2,\"name\":\"Pol\u00edtica de Privacidad\"}]},{\"@type\":\"WebSite\",\"@id\":\"http:\/\/cescugat.com\/#website\",\"url\":\"http:\/\/cescugat.com\/\",\"name\":\"Centre D\u00b4estudis Sant Cugat - Acad\u00e8mia de Ci\u00e8ncies\",\"description\":\"\",\"potentialAction\":[{\"@type\":\"SearchAction\",\"target\":{\"@type\":\"EntryPoint\",\"urlTemplate\":\"http:\/\/cescugat.com\/?s={search_term_string}\"},\"query-input\":{\"@type\":\"PropertyValueSpecification\",\"valueRequired\":true,\"valueName\":\"search_term_string\"}}],\"inLanguage\":\"es\"}]}<\/script>\n<!-- \/ Yoast SEO plugin. -->","yoast_head_json":{"title":"Pol\u00edtica de Privacidad - Centre D\u00b4estudis Sant Cugat - Acad\u00e8mia de Ci\u00e8ncies","robots":{"index":"index","follow":"follow","max-snippet":"max-snippet:-1","max-image-preview":"max-image-preview:large","max-video-preview":"max-video-preview:-1"},"canonical":"http:\/\/cescugat.com\/es\/politica-de-privacidad\/","og_locale":"es_ES","og_type":"article","og_title":"Pol\u00edtica de Privacidad - Centre D\u00b4estudis Sant Cugat - Acad\u00e8mia de Ci\u00e8ncies","og_description":"1. Centro de Estudios Sant Cugat con domicilio en, calle San Antonio, 24, 08172 Sant Cugat, titular de la p\u00e1gina web http:\/\/www.cescugat.com y de la base de datos de car\u00e1cter personal generada con los tados en el su caso suministrados para los usuarios. &nbsp; 2. De acordar con la Ley 15\/1999, de 13 de diciembre, [&hellip;]","og_url":"http:\/\/cescugat.com\/es\/politica-de-privacidad\/","og_site_name":"Centre D\u00b4estudis Sant Cugat - Acad\u00e8mia de Ci\u00e8ncies","article_modified_time":"2017-09-30T12:04:40+00:00","twitter_card":"summary_large_image","twitter_misc":{"Tiempo de lectura":"3 minutos"},"schema":{"@context":"https:\/\/schema.org","@graph":[{"@type":"WebPage","@id":"http:\/\/cescugat.com\/es\/politica-de-privacidad\/","url":"http:\/\/cescugat.com\/es\/politica-de-privacidad\/","name":"Pol\u00edtica de Privacidad - Centre D\u00b4estudis Sant Cugat - Acad\u00e8mia de Ci\u00e8ncies","isPartOf":{"@id":"http:\/\/cescugat.com\/#website"},"datePublished":"2017-09-21T20:49:50+00:00","dateModified":"2017-09-30T12:04:40+00:00","breadcrumb":{"@id":"http:\/\/cescugat.com\/es\/politica-de-privacidad\/#breadcrumb"},"inLanguage":"es","potentialAction":[{"@type":"ReadAction","target":["http:\/\/cescugat.com\/es\/politica-de-privacidad\/"]}]},{"@type":"BreadcrumbList","@id":"http:\/\/cescugat.com\/es\/politica-de-privacidad\/#breadcrumb","itemListElement":[{"@type":"ListItem","position":1,"name":"Inici","item":"http:\/\/cescugat.com\/es\/"},{"@type":"ListItem","position":2,"name":"Pol\u00edtica de Privacidad"}]},{"@type":"WebSite","@id":"http:\/\/cescugat.com\/#website","url":"http:\/\/cescugat.com\/","name":"Centre D\u00b4estudis Sant Cugat - Acad\u00e8mia de Ci\u00e8ncies","description":"","potentialAction":[{"@type":"SearchAction","target":{"@type":"EntryPoint","urlTemplate":"http:\/\/cescugat.com\/?s={search_term_string}"},"query-input":{"@type":"PropertyValueSpecification","valueRequired":true,"valueName":"search_term_string"}}],"inLanguage":"es"}]}},"_links":{"self":[{"href":"http:\/\/cescugat.com\/es\/wp-json\/wp\/v2\/pages\/869","targetHints":{"allow":["GET"]}}],"collection":[{"href":"http:\/\/cescugat.com\/es\/wp-json\/wp\/v2\/pages"}],"about":[{"href":"http:\/\/cescugat.com\/es\/wp-json\/wp\/v2\/types\/page"}],"author":[{"embeddable":true,"href":"http:\/\/cescugat.com\/es\/wp-json\/wp\/v2\/users\/3"}],"replies":[{"embeddable":true,"href":"http:\/\/cescugat.com\/es\/wp-json\/wp\/v2\/comments?post=869"}],"version-history":[{"count":13,"href":"http:\/\/cescugat.com\/es\/wp-json\/wp\/v2\/pages\/869\/revisions"}],"predecessor-version":[{"id":1037,"href":"http:\/\/cescugat.com\/es\/wp-json\/wp\/v2\/pages\/869\/revisions\/1037"}],"wp:attachment":[{"href":"http:\/\/cescugat.com\/es\/wp-json\/wp\/v2\/media?parent=869"}],"curies":[{"name":"wp","href":"https:\/\/api.w.org\/{rel}","templated":true}]}}