{"id":742,"date":"2017-09-21T00:23:25","date_gmt":"2017-09-20T22:23:25","guid":{"rendered":"http:\/\/cescugat.com\/accesos-a-la-universitas\/"},"modified":"2025-03-07T10:41:19","modified_gmt":"2025-03-07T09:41:19","slug":"accesos-a-la-universidad","status":"publish","type":"page","link":"http:\/\/cescugat.com\/es\/accesos-a-la-universidad\/","title":{"rendered":"Acceso a la Universidad"},"content":{"rendered":"<p>[et_pb_section fb_built=\u00bb1&#8243; admin_label=\u00bbsection\u00bb _builder_version=\u00bb4.16&#8243; global_colors_info=\u00bb{}\u00bb][et_pb_row _builder_version=\u00bb4.16&#8243; background_size=\u00bbcontain\u00bb background_position=\u00bbtop_left\u00bb global_colors_info=\u00bb{}\u00bb][et_pb_column type=\u00bb4_4&#8243; _builder_version=\u00bb4.16&#8243; background_position=\u00bbtop_left\u00bb custom_padding=\u00bb|||\u00bb global_colors_info=\u00bb{}\u00bb custom_padding__hover=\u00bb|||\u00bb][et_pb_text _builder_version=\u00bb4.16&#8243; text_font_size=\u00bb18&#8243; background_size=\u00bbinitial\u00bb background_position=\u00bbtop_left\u00bb background_repeat=\u00bbrepeat\u00bb text_orientation=\u00bbcenter\u00bb module_alignment=\u00bbcenter\u00bb border_style=\u00bbsolid\u00bb global_colors_info=\u00bb{}\u00bb]<\/p>\n<h1><strong>Acceso a la Universidad<\/strong><\/h1>\n<p>&nbsp;<br \/>\n[\/et_pb_text][et_pb_text _builder_version=\u00bb4.17.6&#8243; custom_padding=\u00bb||4px|||\u00bb hover_enabled=\u00bb0&#8243; border_style=\u00bbsolid\u00bb global_colors_info=\u00bb{}\u00bb sticky_enabled=\u00bb0&#8243;]<\/p>\n<h3><span style=\"font-size: large; color: #666666;\">Realizamos la preparaci\u00f3n para las PAU y el acceso a la Universidad para mayores de 25 y 45 a\u00f1os, en grupos reducidos.<\/span><\/h3>\n<p>[\/et_pb_text][\/et_pb_column][\/et_pb_row][et_pb_row column_structure=\u00bb1_2,1_2&#8243; _builder_version=\u00bb4.16&#8243; background_size=\u00bbinitial\u00bb background_position=\u00bbtop_left\u00bb background_repeat=\u00bbrepeat\u00bb global_colors_info=\u00bb{}\u00bb][et_pb_column type=\u00bb1_2&#8243; _builder_version=\u00bb4.16&#8243; custom_padding=\u00bb|||\u00bb global_colors_info=\u00bb{}\u00bb custom_padding__hover=\u00bb|||\u00bb][et_pb_image src=\u00bbhttp:\/\/cescugat.com\/wp-content\/uploads\/2017\/09\/CESC02.jpg\u00bb align_tablet=\u00bbcenter\u00bb align_phone=\u00bbcenter\u00bb align_last_edited=\u00bbon|desktop\u00bb _builder_version=\u00bb4.16&#8243; animation_style=\u00bbslide\u00bb animation_direction=\u00bbleft\u00bb animation_duration=\u00bb500ms\u00bb animation_intensity_slide=\u00bb10%\u00bb border_style=\u00bbsolid\u00bb sticky=\u00bboff\u00bb always_center_on_mobile=\u00bbon\u00bb global_colors_info=\u00bb{}\u00bb][\/et_pb_image][\/et_pb_column][et_pb_column type=\u00bb1_2&#8243; _builder_version=\u00bb4.16&#8243; custom_padding=\u00bb|||\u00bb global_colors_info=\u00bb{}\u00bb custom_padding__hover=\u00bb|||\u00bb][et_pb_text _builder_version=\u00bb4.17.6&#8243; module_alignment=\u00bbright\u00bb border_style=\u00bbsolid\u00bb global_colors_info=\u00bb{}\u00bb]<\/p>\n<h4><span style=\"color: #666666;\"><strong>Si has terminado el Bachillerato o Ciclo Formativo y quieres acceder a la Universidad&#8230;<\/strong><\/span><\/h4>\n<p>[\/et_pb_text][et_pb_text _builder_version=\u00bb4.17.6&#8243; custom_padding=\u00bb0px|0px||||\u00bb hover_enabled=\u00bb0&#8243; border_style=\u00bbsolid\u00bb global_colors_info=\u00bb{}\u00bb sticky_enabled=\u00bb0&#8243;]<\/p>\n<h4><span style=\"color: #666666; font-size: medium;\"><strong><\/strong><\/span><\/h4>\n<h4><span style=\"color: #666666; font-size: medium;\"><strong>La prueba consta de:<\/strong><\/span><\/h4>\n<h3><\/h3>\n<div id=\"universitat\" class=\"et_pb_text et_pb_module et_pb_bg_layout_light et_pb_text_align_left et_pb_text_1\">\n<ul>\n<li><span style=\"color: #666666; font-size: medium;\">Una parte general, donde el alumno \/ a debe examinarse de las siguientes materias: Lengua Catalana y Literatura, Lengua Castellana y Literatura, Lengua Extranjera, Historia y una materia de modalidad de Bachillerato.<\/span><\/li>\n<\/ul>\n<p><span style=\"color: #666666; font-size: medium;\"><\/span><\/p>\n<ul>\n<li><span style=\"color: #666666; font-size: medium;\">Una parte espec\u00edfica de caracter voluntario, donde el alumno \/a puede examinarse de un m\u00e1ximo de tres materias de modalidad de Bachillerato, distintas de las de la fase general.<\/span><\/li>\n<\/ul>\n<\/div>\n<p>[\/et_pb_text][et_pb_text _builder_version=\u00bb4.17.6&#8243; min_height=\u00bb28px\u00bb custom_padding=\u00bb0px|||||\u00bb hover_enabled=\u00bb0&#8243; border_style=\u00bbsolid\u00bb global_colors_info=\u00bb{}\u00bb text_font_size=\u00bb15px\u00bb sticky_enabled=\u00bb0&#8243;]<\/p>\n<p><span style=\"color: #666666;\"><strong><\/strong><\/span><\/p>\n<p><span style=\"color: #666666;\"><strong>Puedes inscribirte en el curso entero o hacer s\u00f3lo las asignaturas que te interesen, seg\u00fan sean tus necesidades.<\/strong><\/span><\/p>\n<p><span style=\"color: #666666;\"><strong>El curso se inicia en el mes de octubre y finaliza antes de la fecha del examen (variar\u00e1 en funci\u00f3n de la convocatoria de cada a\u00f1o).<\/strong><\/span><\/p>\n<p>[\/et_pb_text][et_pb_text _builder_version=\u00bb4.17.6&#8243; text_line_height=\u00bb2em\u00bb custom_margin=\u00bb-42px|||||\u00bb border_style=\u00bbsolid\u00bb global_colors_info=\u00bb{}\u00bb]<\/p>\n<h5><\/h5>\n<h5><strong>\u00a0<\/strong><\/h5>\n<p>[\/et_pb_text][\/et_pb_column][\/et_pb_row][et_pb_row _builder_version=\u00bb4.17.6&#8243; background_size=\u00bbinitial\u00bb background_position=\u00bbtop_left\u00bb background_repeat=\u00bbrepeat\u00bb width=\u00bb83.1%\u00bb custom_margin=\u00bb|220px||220px|false|false\u00bb custom_padding=\u00bb|||0px||\u00bb hover_enabled=\u00bb0&#8243; global_colors_info=\u00bb{}\u00bb sticky_enabled=\u00bb0&#8243;][et_pb_column type=\u00bb4_4&#8243; _builder_version=\u00bb4.16&#8243; custom_padding=\u00bb|||\u00bb global_colors_info=\u00bb{}\u00bb custom_padding__hover=\u00bb|||\u00bb][et_pb_text _builder_version=\u00bb4.17.6&#8243; width=\u00bb95.7%\u00bb custom_margin=\u00bb-32px|||4px||\u00bb custom_padding=\u00bb|||0px||\u00bb border_style=\u00bbsolid\u00bb global_colors_info=\u00bb{}\u00bb]<\/p>\n<h3><strong>Si tienes m\u00e1s de 25 a\u00f1os y no posees ninguna titulaci\u00f3n o prueba que te permita el acceso a la Universidad<\/strong><\/h3>\n<p>La prueba consta de:<\/p>\n<ol>\n<li style=\"list-style-type: none;\">\n<ol>\n<li>Una parte general, donde el alumno \/ a debe examinarse de las siguientes materias: Comentario de texto, Lengua Catalana, Lengua Castellana y Lengua Extranjera.<\/li>\n<li>Una parte espec\u00edfica, donde el alumno \/ a debe examinarse de dos materias, en funci\u00f3n de los estudios a los que desea acceder.<\/li>\n<\/ol>\n<\/li>\n<\/ol>\n<ol>\n<li style=\"list-style-type: none;\">\n<ol><\/ol>\n<\/li>\n<\/ol>\n<p>Pueden presentarse a las pruebas de acceso a la universidad para mayores de 25 a\u00f1os los candidatos que re\u00fanan los requisitos siguientes:<\/p>\n<ul>\n<li>\u00a0Tener 25 a\u00f1os en el a\u00f1o natural en que realizar\u00e1 la prueba.<\/li>\n<li>\u00a0No tener superadas las PAU (o equivalente).<\/li>\n<li>\u00a0No estar en posesi\u00f3n de un t\u00edtulo de t\u00e9cnico superior de formaci\u00f3n profesional, de artes pl\u00e1sticas y dise\u00f1o, o de deportes (o equivalente).<\/li>\n<li>\u00a0No tener ninguna titulaci\u00f3n universitaria.<\/li>\n<\/ul>\n<p>&nbsp;<\/p>\n<h3><strong>Si tienes m\u00e1s de 45 a\u00f1os y no pusiera ninguna titulaci\u00f3n o prueba que te permita el acceso a la Universidad<\/strong><\/h3>\n<p>La prueba de acceso para estos candidatos, consta de tres ex\u00e1menes y una entrevista personal:<\/p>\n<ul>\n<li>Comentario de texto<\/li>\n<li>\u00a0Llengua catalana<\/li>\n<li>\u00a0Llengua castellana<\/li>\n<li>\u00a0La entrevista se realizar\u00e1 en la universidad donde se quiere acceder, aunque la prueba se haya superado en otra universidad del sistema catal\u00e1n.<\/li>\n<\/ul>\n<p>Pueden presentarse a las pruebas de acceso a la universidad para mayores de 45 a\u00f1os los candidatos que re\u00fanan los requisitos siguientes:Tener 45 a\u00f1os en el a\u00f1o natural en que realizar\u00e1 la prueba.<\/p>\n<p>No poseer ninguna titulaci\u00f3n o cualquier otro requisito general de acceso que habilite el acceso a la universidad.<\/p>\n<p>&nbsp;<\/p>\n<p><strong>Puedes inscribirte en el curso entero o hacer s\u00f3lo las asignaturas que te interesen, seg\u00fan sean tus necesidades.<\/strong><\/p>\n<p><strong>El curso se inicia en el mes de octubre y finaliza antes de la fecha del examen (variar\u00e1 en funci\u00f3n de la convocatoria de cada a\u00f1o).<\/strong><\/p>\n<p>&nbsp;<\/p>\n<p>[\/et_pb_text][\/et_pb_column][\/et_pb_row][\/et_pb_section]<\/p>\n","protected":false},"excerpt":{"rendered":"<p>Acceso a la Universidad &nbsp; Realizamos la preparaci\u00f3n para las PAU y el acceso a la Universidad para mayores de 25 y 45 a\u00f1os, en grupos reducidos.Si has terminado el Bachillerato o Ciclo Formativo y quieres acceder a la Universidad&#8230; La prueba consta de: Una parte general, donde el alumno \/ a debe examinarse de [&hellip;]<\/p>\n","protected":false},"author":5,"featured_media":0,"parent":0,"menu_order":0,"comment_status":"closed","ping_status":"closed","template":"","meta":{"_et_pb_use_builder":"on","_et_pb_old_content":"","_et_gb_content_width":"","footnotes":""},"class_list":["post-742","page","type-page","status-publish","hentry"],"yoast_head":"<!-- This site is optimized with the Yoast SEO plugin v24.1 - https:\/\/yoast.com\/wordpress\/plugins\/seo\/ -->\n<title>Acceso a la Universidad - Centre D\u00b4estudis Sant Cugat - Acad\u00e8mia de Ci\u00e8ncies<\/title>\n<meta name=\"robots\" content=\"index, follow, max-snippet:-1, max-image-preview:large, max-video-preview:-1\" \/>\n<link rel=\"canonical\" href=\"http:\/\/cescugat.com\/es\/accesos-a-la-universidad\/\" \/>\n<meta property=\"og:locale\" content=\"es_ES\" \/>\n<meta property=\"og:type\" content=\"article\" \/>\n<meta property=\"og:title\" content=\"Acceso a la Universidad - Centre D\u00b4estudis Sant Cugat - Acad\u00e8mia de Ci\u00e8ncies\" \/>\n<meta property=\"og:description\" content=\"Acceso a la Universidad &nbsp; Realizamos la preparaci\u00f3n para las PAU y el acceso a la Universidad para mayores de 25 y 45 a\u00f1os, en grupos reducidos.Si has terminado el Bachillerato o Ciclo Formativo y quieres acceder a la Universidad... La prueba consta de: Una parte general, donde el alumno \/ a debe examinarse de [&hellip;]\" \/>\n<meta property=\"og:url\" content=\"http:\/\/cescugat.com\/es\/accesos-a-la-universidad\/\" \/>\n<meta property=\"og:site_name\" content=\"Centre D\u00b4estudis Sant Cugat - Acad\u00e8mia de Ci\u00e8ncies\" \/>\n<meta property=\"article:modified_time\" content=\"2025-03-07T09:41:19+00:00\" \/>\n<meta name=\"twitter:card\" content=\"summary_large_image\" \/>\n<meta name=\"twitter:label1\" content=\"Tiempo de lectura\" \/>\n\t<meta name=\"twitter:data1\" content=\"4 minutos\" \/>\n<script type=\"application\/ld+json\" class=\"yoast-schema-graph\">{\"@context\":\"https:\/\/schema.org\",\"@graph\":[{\"@type\":\"WebPage\",\"@id\":\"http:\/\/cescugat.com\/es\/accesos-a-la-universidad\/\",\"url\":\"http:\/\/cescugat.com\/es\/accesos-a-la-universidad\/\",\"name\":\"Acceso a la Universidad - Centre D\u00b4estudis Sant Cugat - Acad\u00e8mia de Ci\u00e8ncies\",\"isPartOf\":{\"@id\":\"http:\/\/cescugat.com\/#website\"},\"datePublished\":\"2017-09-20T22:23:25+00:00\",\"dateModified\":\"2025-03-07T09:41:19+00:00\",\"breadcrumb\":{\"@id\":\"http:\/\/cescugat.com\/es\/accesos-a-la-universidad\/#breadcrumb\"},\"inLanguage\":\"es\",\"potentialAction\":[{\"@type\":\"ReadAction\",\"target\":[\"http:\/\/cescugat.com\/es\/accesos-a-la-universidad\/\"]}]},{\"@type\":\"BreadcrumbList\",\"@id\":\"http:\/\/cescugat.com\/es\/accesos-a-la-universidad\/#breadcrumb\",\"itemListElement\":[{\"@type\":\"ListItem\",\"position\":1,\"name\":\"Inici\",\"item\":\"http:\/\/cescugat.com\/es\/\"},{\"@type\":\"ListItem\",\"position\":2,\"name\":\"Acceso a la Universidad\"}]},{\"@type\":\"WebSite\",\"@id\":\"http:\/\/cescugat.com\/#website\",\"url\":\"http:\/\/cescugat.com\/\",\"name\":\"Centre D\u00b4estudis Sant Cugat - Acad\u00e8mia de Ci\u00e8ncies\",\"description\":\"\",\"potentialAction\":[{\"@type\":\"SearchAction\",\"target\":{\"@type\":\"EntryPoint\",\"urlTemplate\":\"http:\/\/cescugat.com\/?s={search_term_string}\"},\"query-input\":{\"@type\":\"PropertyValueSpecification\",\"valueRequired\":true,\"valueName\":\"search_term_string\"}}],\"inLanguage\":\"es\"}]}<\/script>\n<!-- \/ Yoast SEO plugin. -->","yoast_head_json":{"title":"Acceso a la Universidad - Centre D\u00b4estudis Sant Cugat - Acad\u00e8mia de Ci\u00e8ncies","robots":{"index":"index","follow":"follow","max-snippet":"max-snippet:-1","max-image-preview":"max-image-preview:large","max-video-preview":"max-video-preview:-1"},"canonical":"http:\/\/cescugat.com\/es\/accesos-a-la-universidad\/","og_locale":"es_ES","og_type":"article","og_title":"Acceso a la Universidad - Centre D\u00b4estudis Sant Cugat - Acad\u00e8mia de Ci\u00e8ncies","og_description":"Acceso a la Universidad &nbsp; Realizamos la preparaci\u00f3n para las PAU y el acceso a la Universidad para mayores de 25 y 45 a\u00f1os, en grupos reducidos.Si has terminado el Bachillerato o Ciclo Formativo y quieres acceder a la Universidad... La prueba consta de: Una parte general, donde el alumno \/ a debe examinarse de [&hellip;]","og_url":"http:\/\/cescugat.com\/es\/accesos-a-la-universidad\/","og_site_name":"Centre D\u00b4estudis Sant Cugat - Acad\u00e8mia de Ci\u00e8ncies","article_modified_time":"2025-03-07T09:41:19+00:00","twitter_card":"summary_large_image","twitter_misc":{"Tiempo de lectura":"4 minutos"},"schema":{"@context":"https:\/\/schema.org","@graph":[{"@type":"WebPage","@id":"http:\/\/cescugat.com\/es\/accesos-a-la-universidad\/","url":"http:\/\/cescugat.com\/es\/accesos-a-la-universidad\/","name":"Acceso a la Universidad - Centre D\u00b4estudis Sant Cugat - Acad\u00e8mia de Ci\u00e8ncies","isPartOf":{"@id":"http:\/\/cescugat.com\/#website"},"datePublished":"2017-09-20T22:23:25+00:00","dateModified":"2025-03-07T09:41:19+00:00","breadcrumb":{"@id":"http:\/\/cescugat.com\/es\/accesos-a-la-universidad\/#breadcrumb"},"inLanguage":"es","potentialAction":[{"@type":"ReadAction","target":["http:\/\/cescugat.com\/es\/accesos-a-la-universidad\/"]}]},{"@type":"BreadcrumbList","@id":"http:\/\/cescugat.com\/es\/accesos-a-la-universidad\/#breadcrumb","itemListElement":[{"@type":"ListItem","position":1,"name":"Inici","item":"http:\/\/cescugat.com\/es\/"},{"@type":"ListItem","position":2,"name":"Acceso a la Universidad"}]},{"@type":"WebSite","@id":"http:\/\/cescugat.com\/#website","url":"http:\/\/cescugat.com\/","name":"Centre D\u00b4estudis Sant Cugat - Acad\u00e8mia de Ci\u00e8ncies","description":"","potentialAction":[{"@type":"SearchAction","target":{"@type":"EntryPoint","urlTemplate":"http:\/\/cescugat.com\/?s={search_term_string}"},"query-input":{"@type":"PropertyValueSpecification","valueRequired":true,"valueName":"search_term_string"}}],"inLanguage":"es"}]}},"_links":{"self":[{"href":"http:\/\/cescugat.com\/es\/wp-json\/wp\/v2\/pages\/742","targetHints":{"allow":["GET"]}}],"collection":[{"href":"http:\/\/cescugat.com\/es\/wp-json\/wp\/v2\/pages"}],"about":[{"href":"http:\/\/cescugat.com\/es\/wp-json\/wp\/v2\/types\/page"}],"author":[{"embeddable":true,"href":"http:\/\/cescugat.com\/es\/wp-json\/wp\/v2\/users\/5"}],"replies":[{"embeddable":true,"href":"http:\/\/cescugat.com\/es\/wp-json\/wp\/v2\/comments?post=742"}],"version-history":[{"count":41,"href":"http:\/\/cescugat.com\/es\/wp-json\/wp\/v2\/pages\/742\/revisions"}],"predecessor-version":[{"id":1336,"href":"http:\/\/cescugat.com\/es\/wp-json\/wp\/v2\/pages\/742\/revisions\/1336"}],"wp:attachment":[{"href":"http:\/\/cescugat.com\/es\/wp-json\/wp\/v2\/media?parent=742"}],"curies":[{"name":"wp","href":"https:\/\/api.w.org\/{rel}","templated":true}]}}