{"id":689,"date":"2017-09-20T21:37:12","date_gmt":"2017-09-20T19:37:12","guid":{"rendered":"http:\/\/cescugat.com\/aviso-legal\/"},"modified":"2017-09-22T11:12:34","modified_gmt":"2017-09-22T09:12:34","slug":"aviso-legal","status":"publish","type":"page","link":"http:\/\/cescugat.com\/es\/aviso-legal\/","title":{"rendered":"Aviso Legal"},"content":{"rendered":"<p>[et_pb_section bb_built=\u00bb1&#8243; _builder_version=\u00bb3.0.47&#8243;][et_pb_row _builder_version=\u00bb3.0.47&#8243; background_size=\u00bbinitial\u00bb background_position=\u00bbtop_left\u00bb background_repeat=\u00bbrepeat\u00bb _i=\u00bb0&#8243; _address=\u00bb0.0&#8243;][et_pb_column type=\u00bb4_4&#8243;][et_pb_blurb title=\u00bbAviso Legal\u00bb _builder_version=\u00bb3.0.75&#8243; header_line_height=\u00bb1.3em\u00bb header_font_size=\u00bb38px\u00bb url_new_window=\u00bboff\u00bb use_icon=\u00bbon\u00bb use_circle=\u00bboff\u00bb use_circle_border=\u00bboff\u00bb icon_placement=\u00bbleft\u00bb use_icon_font_size=\u00bbon\u00bb background_layout=\u00bblight\u00bb border_style=\u00bbsolid\u00bb font_icon=\u00bb%%79%%\u00bb icon_font_size=\u00bb50px\u00bb icon_color=\u00bb#9b2232&#8243;]<\/p>\n<h4 style=\"text-align: left;\" data-fontsize=\"16\" data-lineheight=\"24\"><\/h4>\n<p>[\/et_pb_blurb][et_pb_blurb _builder_version=\u00bb3.0.76&#8243; header_line_height=\u00bb1.3em\u00bb header_font_size=\u00bb18px\u00bb url_new_window=\u00bboff\u00bb use_icon=\u00bboff\u00bb use_circle=\u00bboff\u00bb use_circle_border=\u00bboff\u00bb icon_placement=\u00bbleft\u00bb use_icon_font_size=\u00bboff\u00bb background_layout=\u00bblight\u00bb border_style=\u00bbsolid\u00bb font_icon=\u00bb%%79%%\u00bb icon_font_size=\u00bb40px\u00bb]<\/p>\n<h4>En cumplimiento con el deber de informaci\u00f3n recogido en art\u00edculo 10 de la Ley 34\/2002, de 11 de julio, de Servicios de la Sociedad de la Informaci\u00f3n y del Comercio Electr\u00f3nico, a continuaci\u00f3n se reflejan los siguientes datos: la empresa titular de dominio web es\u00a0Centre d\u2019Estudis Sant Cugat, en adelante (CESCUGAT), con domicilio a estos efectos en\u00a0Sant Antoni,24 08172 Sant Cugat del Vall\u00e9s \u00a0(Barcelona) n\u00famero de C.I.F.: 46628294A.\u00a0Correo electr\u00f3nico de contacto: info@cescugat.com<\/h4>\n<div class=\"et_pb_blurb_description\">\n<h2 data-fontsize=\"18\" data-lineheight=\"27\"><strong>Objeto:<\/strong><\/h2>\n<h4 data-fontsize=\"16\" data-lineheight=\"24\">Cualquier persona que utiliza esta p\u00e1gina web, se atribuye la condici\u00f3n de usuario, aceptando su uso bajo su exclusiva responsabilidad. La presente p\u00e1gina web establece las Condiciones Generales de acceso y uso de esta p\u00e1gina web, condiciones en las que el usuario se somete y acepta.<br \/>\nEl acceso a la web es gratuita y libre, salvo problemas t\u00e9cnicos que puedan ocasionarse por prestaciones de terceros, y de los que CESCUGAT no se hace en ning\u00fan caso responsable.<\/h4>\n<ul>\n<li>\n<h2 data-fontsize=\"18\" data-lineheight=\"27\"><strong>Uso de la p\u00e1gina web<\/strong><\/h2>\n<\/li>\n<\/ul>\n<h4 data-fontsize=\"16\" data-lineheight=\"24\">El usuario de la p\u00e1gina web lo har\u00e1 seg\u00fan estas condiciones generales y bajo su exclusiva responsabilidad, sin que pueda \u00e9sta o la informaci\u00f3n en ella contenida ser utilizada para desarrollar actividades contrarias a las leyes, moral y orden p\u00fablico.<br \/>\nTodos los contenidos de la p\u00e1gina web, su dise\u00f1o gr\u00e1fico y su c\u00f3digo fuente son propiedad intelectual de CESCUGAT, a menos que se especifique lo contrario. Se proh\u00edbe su reproducci\u00f3n, transformaci\u00f3n, distribuci\u00f3n y comunicaci\u00f3n p\u00fablica o cualquier tipo de utilizaci\u00f3n, en cualquier forma o copias para exclusivo uso personal y privado. La vulneraci\u00f3n de estos derechos se castiga en los art\u00edculos 270 y siguientes del C\u00f3digo Penal.<\/h4>\n<h4 data-fontsize=\"16\" data-lineheight=\"24\">El usuario se compromete a no utilizar la informaci\u00f3n puesta a su disposici\u00f3n por CESCUGAT para desarrollar actividades contrarias a las Leyes, moral u orden p\u00fablico y hacer un uso conforme a las presentes condiciones generales.<\/h4>\n<h4 data-fontsize=\"16\" data-lineheight=\"24\">El usuario dispondr\u00e1 y las herramientas y medios adecuados para la detecci\u00f3n y desinfecci\u00f3n de programas inform\u00e1ticos da\u00f1inos. CESCUGAT, no se responsabiliza de los da\u00f1os producidos en los equipos inform\u00e1ticos de los usuarios o terceros derivados de la utilizaci\u00f3n de esta p\u00e1gina web.<\/h4>\n<h4 data-fontsize=\"16\" data-lineheight=\"24\">El usuario responder\u00e1 de los da\u00f1os y perjuicios de cualquier naturaleza que CESCUGAT pueda sufrir derivados del incumplimiento de las obligaciones a que se somete seg\u00fan el presente Aviso Legal.<\/h4>\n<h4 data-fontsize=\"16\" data-lineheight=\"24\">CESCUGAT no se responsabiliza de las decisiones que los usuarios tomen a partir de la informaci\u00f3n derivada de la p\u00e1gina web, ni de los da\u00f1os y perjuicios derivados usuarios o terceros \u00fanicamente de la informaci\u00f3n que en la p\u00e1gina figura.<\/h4>\n<h4 data-fontsize=\"16\" data-lineheight=\"24\">Las presentes condiciones de acceso quedan sometidas al ordenamiento jur\u00eddico espa\u00f1ol.<\/h4>\n<h4 data-fontsize=\"16\" data-lineheight=\"24\">CESCUGAT se reserva la facultad de realizar, en cualquier momento y sin necesidad de preaviso, modificaci\u00f3n o actualizaci\u00f3n de los contenidos o servicios, de las presentes disposiciones de acceso y uso y, en general, de cuantos elementos integren el dise\u00f1o y configuraci\u00f3n de su p\u00e1gina web.<\/h4>\n<ul>\n<li>\n<h2 data-fontsize=\"18\" data-lineheight=\"27\"><strong>Enlaces de terceros a la p\u00e1gina web:<\/strong><\/h2>\n<\/li>\n<\/ul>\n<h4 data-fontsize=\"16\" data-lineheight=\"24\">La introducci\u00f3n de un link desde la p\u00e1gina web de un usuario en la p\u00e1gina web de CESCUGAT, debe obtener previa autorizaci\u00f3n de CESCUGAT solicitada por escrito a la direcci\u00f3n de la empresa y, en todo caso, el link solo vincular\u00e1 con la p\u00e1gina principal.<\/h4>\n<ul>\n<li>\n<h2 data-fontsize=\"18\" data-lineheight=\"27\"><strong>Enlaces dentro de la p\u00e1gina web de CESCUGAT a terceros:<\/strong><\/h2>\n<\/li>\n<\/ul>\n<h4 data-fontsize=\"16\" data-lineheight=\"24\">En los casos en que desde la p\u00e1gina web de CESCUGAT se pueda enlazar y acceder a otras p\u00e1ginas o portales de Internet, CESCUGAT act\u00faa como mero prestador de servicios de intermediaci\u00f3n seg\u00fan lo establecido en el art\u00edculo 17 de la Ley 34 \/ 2002 de 11 de julio, de Servicios de la Sociedad de Informaci\u00f3n y Comercio Electr\u00f3nico (LSSI), sin implicar la existencia de acuerdos con los responsables de estas p\u00e1ginas o portales ni ninguna identificaci\u00f3n CESCUGAT con ellos. Tampoco se hace responsable de los da\u00f1os no directamente imputables a CESCUGAT producidos por la calidad de los contenidos o desactualizaci\u00f3n de los enlaces.<\/h4>\n<h4 data-fontsize=\"16\" data-lineheight=\"24\">CESCUGAT no se responsabiliza de los contenidos o servicios suministrados en las direcciones o portales enlazados, salvo conocimiento efectivo de la ilicitud. Los usuarios pueden poner en conocimiento de CESCUGAT posibles contenidos il\u00edcitos o inadecuados, sin que esta comunicaci\u00f3n suponga ninguna obligaci\u00f3n de retirar el correspondiente enlace.<\/h4>\n<ul>\n<li>\n<h2 data-fontsize=\"18\" data-lineheight=\"27\"><strong>Propiedad industrial e intelectual:<\/strong><\/h2>\n<\/li>\n<\/ul>\n<h4 data-fontsize=\"16\" data-lineheight=\"24\">El usuario debe respetar siempre los derechos de propiedad industrial e intelectual sobre la p\u00e1gina web.<br \/>\nTodos los contenidos de la p\u00e1gina web son propiedad intelectual de CESCUGAT o, en su caso, de terceros.<br \/>\nLas marcas y nombres comerciales son titularidad exclusiva de CESCUGAT.<br \/>\nSe proh\u00edbe expresamente, salvo autorizaci\u00f3n expresa, la cesi\u00f3n (reproducci\u00f3n, transformaci\u00f3n distribuci\u00f3n, comunicaci\u00f3n p\u00fablica, utilizaci\u00f3n de cualquier naturaleza) de los derechos de propiedad intelectual sobre la presente p\u00e1gina web.<\/h4>\n<ul>\n<li>\n<h2 data-fontsize=\"18\" data-lineheight=\"27\"><strong>Responsabilidad:<\/strong><\/h2>\n<\/li>\n<\/ul>\n<h4 data-fontsize=\"16\" data-lineheight=\"24\">El usuario responde de los da\u00f1os y perjuicios de cualquier naturaleza que CESCUGAT pueda sufrir como consecuencia del incumplimiento de cualquiera de las obligaciones incluidas en este aviso legal.<\/h4>\n<ul>\n<li>\n<h2 data-fontsize=\"18\" data-lineheight=\"27\"><strong>Protecci\u00f3n de datos personales:<\/strong><\/h2>\n<\/li>\n<\/ul>\n<h4 data-fontsize=\"16\" data-lineheight=\"24\">CESCUGAT garantiza el cumplimiento de todas las obligaciones derivadas del art\u00edculo 9 la Ley 15\/1999. de Protecci\u00f3n de Datos de Car\u00e1cter Personal (LOPD) y Reglamento de desarrollo Real Decreto 1720\/2007, de 21 de diciembre.<br \/>\nSe pone a disposici\u00f3n de los usuarios la\u00a0<strong><a href=\"http:\/\/cescugat.com\/politica-de-privacidad\/\">Pol\u00edtica de Privacidad<\/a><\/strong>\u00a0de CESCUGAT.<\/h4>\n<p>&nbsp;<\/p>\n<\/div>\n<p>[\/et_pb_blurb][\/et_pb_column][\/et_pb_row][\/et_pb_section]<\/p>\n","protected":false},"excerpt":{"rendered":"<p>En cumplimiento con el deber de informaci\u00f3n recogido en art\u00edculo 10 de la Ley 34\/2002, de 11 de julio, de Servicios de la Sociedad de la Informaci\u00f3n y del Comercio Electr\u00f3nico, a continuaci\u00f3n se reflejan los siguientes datos: la empresa titular de dominio web es\u00a0Centre d\u2019Estudis Sant Cugat, en adelante (CESCUGAT), con domicilio a estos [&hellip;]<\/p>\n","protected":false},"author":3,"featured_media":0,"parent":0,"menu_order":0,"comment_status":"closed","ping_status":"closed","template":"","meta":{"_et_pb_use_builder":"on","_et_pb_old_content":"","_et_gb_content_width":"","footnotes":""},"class_list":["post-689","page","type-page","status-publish","hentry"],"yoast_head":"<!-- This site is optimized with the Yoast SEO plugin v24.1 - https:\/\/yoast.com\/wordpress\/plugins\/seo\/ -->\n<title>Aviso Legal - Centre D\u00b4estudis Sant Cugat - Acad\u00e8mia de Ci\u00e8ncies<\/title>\n<meta name=\"robots\" content=\"index, follow, max-snippet:-1, max-image-preview:large, max-video-preview:-1\" \/>\n<link rel=\"canonical\" href=\"http:\/\/cescugat.com\/es\/aviso-legal\/\" \/>\n<meta property=\"og:locale\" content=\"es_ES\" \/>\n<meta property=\"og:type\" content=\"article\" \/>\n<meta property=\"og:title\" content=\"Aviso Legal - Centre D\u00b4estudis Sant Cugat - Acad\u00e8mia de Ci\u00e8ncies\" \/>\n<meta property=\"og:description\" content=\"En cumplimiento con el deber de informaci\u00f3n recogido en art\u00edculo 10 de la Ley 34\/2002, de 11 de julio, de Servicios de la Sociedad de la Informaci\u00f3n y del Comercio Electr\u00f3nico, a continuaci\u00f3n se reflejan los siguientes datos: la empresa titular de dominio web es\u00a0Centre d\u2019Estudis Sant Cugat, en adelante (CESCUGAT), con domicilio a estos [&hellip;]\" \/>\n<meta property=\"og:url\" content=\"http:\/\/cescugat.com\/es\/aviso-legal\/\" \/>\n<meta property=\"og:site_name\" content=\"Centre D\u00b4estudis Sant Cugat - Acad\u00e8mia de Ci\u00e8ncies\" \/>\n<meta property=\"article:modified_time\" content=\"2017-09-22T09:12:34+00:00\" \/>\n<meta name=\"twitter:card\" content=\"summary_large_image\" \/>\n<meta name=\"twitter:label1\" content=\"Tiempo de lectura\" \/>\n\t<meta name=\"twitter:data1\" content=\"5 minutos\" \/>\n<script type=\"application\/ld+json\" class=\"yoast-schema-graph\">{\"@context\":\"https:\/\/schema.org\",\"@graph\":[{\"@type\":\"WebPage\",\"@id\":\"http:\/\/cescugat.com\/es\/aviso-legal\/\",\"url\":\"http:\/\/cescugat.com\/es\/aviso-legal\/\",\"name\":\"Aviso Legal - Centre D\u00b4estudis Sant Cugat - Acad\u00e8mia de Ci\u00e8ncies\",\"isPartOf\":{\"@id\":\"http:\/\/cescugat.com\/#website\"},\"datePublished\":\"2017-09-20T19:37:12+00:00\",\"dateModified\":\"2017-09-22T09:12:34+00:00\",\"breadcrumb\":{\"@id\":\"http:\/\/cescugat.com\/es\/aviso-legal\/#breadcrumb\"},\"inLanguage\":\"es\",\"potentialAction\":[{\"@type\":\"ReadAction\",\"target\":[\"http:\/\/cescugat.com\/es\/aviso-legal\/\"]}]},{\"@type\":\"BreadcrumbList\",\"@id\":\"http:\/\/cescugat.com\/es\/aviso-legal\/#breadcrumb\",\"itemListElement\":[{\"@type\":\"ListItem\",\"position\":1,\"name\":\"Inici\",\"item\":\"http:\/\/cescugat.com\/es\/\"},{\"@type\":\"ListItem\",\"position\":2,\"name\":\"Aviso Legal\"}]},{\"@type\":\"WebSite\",\"@id\":\"http:\/\/cescugat.com\/#website\",\"url\":\"http:\/\/cescugat.com\/\",\"name\":\"Centre D\u00b4estudis Sant Cugat - Acad\u00e8mia de Ci\u00e8ncies\",\"description\":\"\",\"potentialAction\":[{\"@type\":\"SearchAction\",\"target\":{\"@type\":\"EntryPoint\",\"urlTemplate\":\"http:\/\/cescugat.com\/?s={search_term_string}\"},\"query-input\":{\"@type\":\"PropertyValueSpecification\",\"valueRequired\":true,\"valueName\":\"search_term_string\"}}],\"inLanguage\":\"es\"}]}<\/script>\n<!-- \/ Yoast SEO plugin. -->","yoast_head_json":{"title":"Aviso Legal - Centre D\u00b4estudis Sant Cugat - Acad\u00e8mia de Ci\u00e8ncies","robots":{"index":"index","follow":"follow","max-snippet":"max-snippet:-1","max-image-preview":"max-image-preview:large","max-video-preview":"max-video-preview:-1"},"canonical":"http:\/\/cescugat.com\/es\/aviso-legal\/","og_locale":"es_ES","og_type":"article","og_title":"Aviso Legal - Centre D\u00b4estudis Sant Cugat - Acad\u00e8mia de Ci\u00e8ncies","og_description":"En cumplimiento con el deber de informaci\u00f3n recogido en art\u00edculo 10 de la Ley 34\/2002, de 11 de julio, de Servicios de la Sociedad de la Informaci\u00f3n y del Comercio Electr\u00f3nico, a continuaci\u00f3n se reflejan los siguientes datos: la empresa titular de dominio web es\u00a0Centre d\u2019Estudis Sant Cugat, en adelante (CESCUGAT), con domicilio a estos [&hellip;]","og_url":"http:\/\/cescugat.com\/es\/aviso-legal\/","og_site_name":"Centre D\u00b4estudis Sant Cugat - Acad\u00e8mia de Ci\u00e8ncies","article_modified_time":"2017-09-22T09:12:34+00:00","twitter_card":"summary_large_image","twitter_misc":{"Tiempo de lectura":"5 minutos"},"schema":{"@context":"https:\/\/schema.org","@graph":[{"@type":"WebPage","@id":"http:\/\/cescugat.com\/es\/aviso-legal\/","url":"http:\/\/cescugat.com\/es\/aviso-legal\/","name":"Aviso Legal - Centre D\u00b4estudis Sant Cugat - Acad\u00e8mia de Ci\u00e8ncies","isPartOf":{"@id":"http:\/\/cescugat.com\/#website"},"datePublished":"2017-09-20T19:37:12+00:00","dateModified":"2017-09-22T09:12:34+00:00","breadcrumb":{"@id":"http:\/\/cescugat.com\/es\/aviso-legal\/#breadcrumb"},"inLanguage":"es","potentialAction":[{"@type":"ReadAction","target":["http:\/\/cescugat.com\/es\/aviso-legal\/"]}]},{"@type":"BreadcrumbList","@id":"http:\/\/cescugat.com\/es\/aviso-legal\/#breadcrumb","itemListElement":[{"@type":"ListItem","position":1,"name":"Inici","item":"http:\/\/cescugat.com\/es\/"},{"@type":"ListItem","position":2,"name":"Aviso Legal"}]},{"@type":"WebSite","@id":"http:\/\/cescugat.com\/#website","url":"http:\/\/cescugat.com\/","name":"Centre D\u00b4estudis Sant Cugat - Acad\u00e8mia de Ci\u00e8ncies","description":"","potentialAction":[{"@type":"SearchAction","target":{"@type":"EntryPoint","urlTemplate":"http:\/\/cescugat.com\/?s={search_term_string}"},"query-input":{"@type":"PropertyValueSpecification","valueRequired":true,"valueName":"search_term_string"}}],"inLanguage":"es"}]}},"_links":{"self":[{"href":"http:\/\/cescugat.com\/es\/wp-json\/wp\/v2\/pages\/689","targetHints":{"allow":["GET"]}}],"collection":[{"href":"http:\/\/cescugat.com\/es\/wp-json\/wp\/v2\/pages"}],"about":[{"href":"http:\/\/cescugat.com\/es\/wp-json\/wp\/v2\/types\/page"}],"author":[{"embeddable":true,"href":"http:\/\/cescugat.com\/es\/wp-json\/wp\/v2\/users\/3"}],"replies":[{"embeddable":true,"href":"http:\/\/cescugat.com\/es\/wp-json\/wp\/v2\/comments?post=689"}],"version-history":[{"count":21,"href":"http:\/\/cescugat.com\/es\/wp-json\/wp\/v2\/pages\/689\/revisions"}],"predecessor-version":[{"id":885,"href":"http:\/\/cescugat.com\/es\/wp-json\/wp\/v2\/pages\/689\/revisions\/885"}],"wp:attachment":[{"href":"http:\/\/cescugat.com\/es\/wp-json\/wp\/v2\/media?parent=689"}],"curies":[{"name":"wp","href":"https:\/\/api.w.org\/{rel}","templated":true}]}}