{"id":1103,"date":"2020-04-07T17:38:19","date_gmt":"2020-04-07T15:38:19","guid":{"rendered":"http:\/\/cescugat.com\/clases-online\/"},"modified":"2025-03-01T21:12:51","modified_gmt":"2025-03-01T20:12:51","slug":"clases-online","status":"publish","type":"page","link":"http:\/\/cescugat.com\/es\/clases-online\/","title":{"rendered":"Clases Online"},"content":{"rendered":"<p>[et_pb_section fb_built=\u00bb1&#8243; _builder_version=\u00bb4.16&#8243; global_colors_info=\u00bb{}\u00bb custom_padding=\u00bb||383px|||\u00bb][et_pb_row _builder_version=\u00bb4.16&#8243; background_size=\u00bbinitial\u00bb background_position=\u00bbtop_left\u00bb background_repeat=\u00bbrepeat\u00bb global_colors_info=\u00bb{}\u00bb][et_pb_column type=\u00bb4_4&#8243; _builder_version=\u00bb4.16&#8243; custom_padding=\u00bb|||\u00bb global_colors_info=\u00bb{}\u00bb custom_padding__hover=\u00bb|||\u00bb][et_pb_text _builder_version=\u00bb4.16&#8243; border_style=\u00bbsolid\u00bb global_colors_info=\u00bb{}\u00bb]Nuestro Centro ofrece clases online personalizadas, para todos aquellos estudiantes que necesiten refuerzo en los niveles de ESO, Bachillerato y preparaci\u00f3n para la Selectividad.<\/p>\n<p>Asignaturas que ofrecemos:<\/p>\n<p>1. Nivel ESO: Matem\u00e1ticas, F\u00edsica, Qu\u00edmica y Tecnolog\u00eda.<br \/>\n2. Nivel Bachillerato: Matem\u00e1ticas aplicadas a las Ciencias Sociales, Matem\u00e1ticas del Bachillerato Cient\u00edfico y Tecnol\u00f3gico, F\u00edsica y Qu\u00edmica.<br \/>\n[\/et_pb_text][\/et_pb_column][\/et_pb_row][\/et_pb_section]<\/p>\n","protected":false},"excerpt":{"rendered":"<p>Nuestro Centro ofrece clases online personalizadas, para todos aquellos estudiantes que necesiten refuerzo en los niveles de ESO, Bachillerato y preparaci\u00f3n para la Selectividad. Asignaturas que ofrecemos: 1. Nivel ESO: Matem\u00e1ticas, F\u00edsica, Qu\u00edmica y Tecnolog\u00eda. 2. Nivel Bachillerato: Matem\u00e1ticas aplicadas a las Ciencias Sociales, Matem\u00e1ticas del Bachillerato Cient\u00edfico y Tecnol\u00f3gico, F\u00edsica y Qu\u00edmica.<\/p>\n","protected":false},"author":5,"featured_media":0,"parent":0,"menu_order":0,"comment_status":"closed","ping_status":"closed","template":"","meta":{"_et_pb_use_builder":"on","_et_pb_old_content":"Nuestro Centro ofrece clases online personalizadas, para todos aquellos estudiantes que necesiten refuerzo en los niveles de ESO, Bachillerato y preparaci\u00f3n para la Selectividad.\r\n\r\nAsignaturas que ofrecemos:\r\n \r\n1. Nivel ESO: Matem\u00e1ticas, F\u00edsica, Qu\u00edmica y Tecnolog\u00eda.\r\n2. Nivel Bachillerato: Matem\u00e1ticas aplicadas a las Ciencias Sociales, Matem\u00e1ticas del Bachillerato Cient\u00edfico y Tecnol\u00f3gico, F\u00edsica y Qu\u00edmica.","_et_gb_content_width":"","footnotes":""},"class_list":["post-1103","page","type-page","status-publish","hentry"],"yoast_head":"<!-- This site is optimized with the Yoast SEO plugin v24.1 - https:\/\/yoast.com\/wordpress\/plugins\/seo\/ -->\n<title>Clases Online - Centre D\u00b4estudis Sant Cugat - Acad\u00e8mia de Ci\u00e8ncies<\/title>\n<meta name=\"robots\" content=\"index, follow, max-snippet:-1, max-image-preview:large, max-video-preview:-1\" \/>\n<link rel=\"canonical\" href=\"http:\/\/cescugat.com\/es\/clases-online\/\" \/>\n<meta property=\"og:locale\" content=\"es_ES\" \/>\n<meta property=\"og:type\" content=\"article\" \/>\n<meta property=\"og:title\" content=\"Clases Online - Centre D\u00b4estudis Sant Cugat - Acad\u00e8mia de Ci\u00e8ncies\" \/>\n<meta property=\"og:description\" content=\"Nuestro Centro ofrece clases online personalizadas, para todos aquellos estudiantes que necesiten refuerzo en los niveles de ESO, Bachillerato y preparaci\u00f3n para la Selectividad. Asignaturas que ofrecemos: 1. Nivel ESO: Matem\u00e1ticas, F\u00edsica, Qu\u00edmica y Tecnolog\u00eda. 2. Nivel Bachillerato: Matem\u00e1ticas aplicadas a las Ciencias Sociales, Matem\u00e1ticas del Bachillerato Cient\u00edfico y Tecnol\u00f3gico, F\u00edsica y Qu\u00edmica.\" \/>\n<meta property=\"og:url\" content=\"http:\/\/cescugat.com\/es\/clases-online\/\" \/>\n<meta property=\"og:site_name\" content=\"Centre D\u00b4estudis Sant Cugat - Acad\u00e8mia de Ci\u00e8ncies\" \/>\n<meta property=\"article:modified_time\" content=\"2025-03-01T20:12:51+00:00\" \/>\n<meta name=\"twitter:card\" content=\"summary_large_image\" \/>\n<meta name=\"twitter:label1\" content=\"Tiempo de lectura\" \/>\n\t<meta name=\"twitter:data1\" content=\"1 minuto\" \/>\n<script type=\"application\/ld+json\" class=\"yoast-schema-graph\">{\"@context\":\"https:\/\/schema.org\",\"@graph\":[{\"@type\":\"WebPage\",\"@id\":\"http:\/\/cescugat.com\/es\/clases-online\/\",\"url\":\"http:\/\/cescugat.com\/es\/clases-online\/\",\"name\":\"Clases Online - Centre D\u00b4estudis Sant Cugat - Acad\u00e8mia de Ci\u00e8ncies\",\"isPartOf\":{\"@id\":\"http:\/\/cescugat.com\/#website\"},\"datePublished\":\"2020-04-07T15:38:19+00:00\",\"dateModified\":\"2025-03-01T20:12:51+00:00\",\"breadcrumb\":{\"@id\":\"http:\/\/cescugat.com\/es\/clases-online\/#breadcrumb\"},\"inLanguage\":\"es\",\"potentialAction\":[{\"@type\":\"ReadAction\",\"target\":[\"http:\/\/cescugat.com\/es\/clases-online\/\"]}]},{\"@type\":\"BreadcrumbList\",\"@id\":\"http:\/\/cescugat.com\/es\/clases-online\/#breadcrumb\",\"itemListElement\":[{\"@type\":\"ListItem\",\"position\":1,\"name\":\"Inici\",\"item\":\"http:\/\/cescugat.com\/es\/\"},{\"@type\":\"ListItem\",\"position\":2,\"name\":\"Clases Online\"}]},{\"@type\":\"WebSite\",\"@id\":\"http:\/\/cescugat.com\/#website\",\"url\":\"http:\/\/cescugat.com\/\",\"name\":\"Centre D\u00b4estudis Sant Cugat - Acad\u00e8mia de Ci\u00e8ncies\",\"description\":\"\",\"potentialAction\":[{\"@type\":\"SearchAction\",\"target\":{\"@type\":\"EntryPoint\",\"urlTemplate\":\"http:\/\/cescugat.com\/?s={search_term_string}\"},\"query-input\":{\"@type\":\"PropertyValueSpecification\",\"valueRequired\":true,\"valueName\":\"search_term_string\"}}],\"inLanguage\":\"es\"}]}<\/script>\n<!-- \/ Yoast SEO plugin. -->","yoast_head_json":{"title":"Clases Online - Centre D\u00b4estudis Sant Cugat - Acad\u00e8mia de Ci\u00e8ncies","robots":{"index":"index","follow":"follow","max-snippet":"max-snippet:-1","max-image-preview":"max-image-preview:large","max-video-preview":"max-video-preview:-1"},"canonical":"http:\/\/cescugat.com\/es\/clases-online\/","og_locale":"es_ES","og_type":"article","og_title":"Clases Online - Centre D\u00b4estudis Sant Cugat - Acad\u00e8mia de Ci\u00e8ncies","og_description":"Nuestro Centro ofrece clases online personalizadas, para todos aquellos estudiantes que necesiten refuerzo en los niveles de ESO, Bachillerato y preparaci\u00f3n para la Selectividad. Asignaturas que ofrecemos: 1. Nivel ESO: Matem\u00e1ticas, F\u00edsica, Qu\u00edmica y Tecnolog\u00eda. 2. Nivel Bachillerato: Matem\u00e1ticas aplicadas a las Ciencias Sociales, Matem\u00e1ticas del Bachillerato Cient\u00edfico y Tecnol\u00f3gico, F\u00edsica y Qu\u00edmica.","og_url":"http:\/\/cescugat.com\/es\/clases-online\/","og_site_name":"Centre D\u00b4estudis Sant Cugat - Acad\u00e8mia de Ci\u00e8ncies","article_modified_time":"2025-03-01T20:12:51+00:00","twitter_card":"summary_large_image","twitter_misc":{"Tiempo de lectura":"1 minuto"},"schema":{"@context":"https:\/\/schema.org","@graph":[{"@type":"WebPage","@id":"http:\/\/cescugat.com\/es\/clases-online\/","url":"http:\/\/cescugat.com\/es\/clases-online\/","name":"Clases Online - Centre D\u00b4estudis Sant Cugat - Acad\u00e8mia de Ci\u00e8ncies","isPartOf":{"@id":"http:\/\/cescugat.com\/#website"},"datePublished":"2020-04-07T15:38:19+00:00","dateModified":"2025-03-01T20:12:51+00:00","breadcrumb":{"@id":"http:\/\/cescugat.com\/es\/clases-online\/#breadcrumb"},"inLanguage":"es","potentialAction":[{"@type":"ReadAction","target":["http:\/\/cescugat.com\/es\/clases-online\/"]}]},{"@type":"BreadcrumbList","@id":"http:\/\/cescugat.com\/es\/clases-online\/#breadcrumb","itemListElement":[{"@type":"ListItem","position":1,"name":"Inici","item":"http:\/\/cescugat.com\/es\/"},{"@type":"ListItem","position":2,"name":"Clases Online"}]},{"@type":"WebSite","@id":"http:\/\/cescugat.com\/#website","url":"http:\/\/cescugat.com\/","name":"Centre D\u00b4estudis Sant Cugat - Acad\u00e8mia de Ci\u00e8ncies","description":"","potentialAction":[{"@type":"SearchAction","target":{"@type":"EntryPoint","urlTemplate":"http:\/\/cescugat.com\/?s={search_term_string}"},"query-input":{"@type":"PropertyValueSpecification","valueRequired":true,"valueName":"search_term_string"}}],"inLanguage":"es"}]}},"_links":{"self":[{"href":"http:\/\/cescugat.com\/es\/wp-json\/wp\/v2\/pages\/1103","targetHints":{"allow":["GET"]}}],"collection":[{"href":"http:\/\/cescugat.com\/es\/wp-json\/wp\/v2\/pages"}],"about":[{"href":"http:\/\/cescugat.com\/es\/wp-json\/wp\/v2\/types\/page"}],"author":[{"embeddable":true,"href":"http:\/\/cescugat.com\/es\/wp-json\/wp\/v2\/users\/5"}],"replies":[{"embeddable":true,"href":"http:\/\/cescugat.com\/es\/wp-json\/wp\/v2\/comments?post=1103"}],"version-history":[{"count":6,"href":"http:\/\/cescugat.com\/es\/wp-json\/wp\/v2\/pages\/1103\/revisions"}],"predecessor-version":[{"id":1301,"href":"http:\/\/cescugat.com\/es\/wp-json\/wp\/v2\/pages\/1103\/revisions\/1301"}],"wp:attachment":[{"href":"http:\/\/cescugat.com\/es\/wp-json\/wp\/v2\/media?parent=1103"}],"curies":[{"name":"wp","href":"https:\/\/api.w.org\/{rel}","templated":true}]}}